{"id":448,"date":"2024-11-01T06:03:13","date_gmt":"2024-11-01T07:03:13","guid":{"rendered":"https:\/\/krigsspel.se\/wordpress\/?page_id=448"},"modified":"2024-11-07T08:08:59","modified_gmt":"2024-11-07T09:08:59","slug":"partners","status":"publish","type":"page","link":"https:\/\/krigsspel.se\/wordpress\/partners\/","title":{"rendered":"Partners"},"content":{"rendered":"\n<div class=\"wp-block-cover alignfull is-light\" style=\"padding-top:188px;padding-bottom:0;padding-left:0;min-height:747px;aspect-ratio:unset;\"><span aria-hidden=\"true\" class=\"wp-block-cover__background has-background-dim-0 has-background-dim\" style=\"background-color:#aa8f6f\"><\/span><img loading=\"lazy\" decoding=\"async\" width=\"2046\" height=\"1362\" class=\"wp-block-cover__image-background wp-image-549\" alt=\"\" src=\"https:\/\/krigsspel.se\/wordpress\/wp-content\/uploads\/2024\/11\/Lincon2019.jpg\" style=\"object-position:54% 32%\" data-object-fit=\"cover\" data-object-position=\"54% 32%\" srcset=\"https:\/\/krigsspel.se\/wordpress\/wp-content\/uploads\/2024\/11\/Lincon2019.jpg 2046w, https:\/\/krigsspel.se\/wordpress\/wp-content\/uploads\/2024\/11\/Lincon2019-300x200.jpg 300w, https:\/\/krigsspel.se\/wordpress\/wp-content\/uploads\/2024\/11\/Lincon2019-1024x682.jpg 1024w, https:\/\/krigsspel.se\/wordpress\/wp-content\/uploads\/2024\/11\/Lincon2019-768x511.jpg 768w, https:\/\/krigsspel.se\/wordpress\/wp-content\/uploads\/2024\/11\/Lincon2019-1536x1022.jpg 1536w\" sizes=\"auto, (max-width: 2046px) 100vw, 2046px\" \/><div class=\"wp-block-cover__inner-container has-global-padding is-layout-constrained wp-container-core-cover-is-layout-ef9f2f68 wp-block-cover-is-layout-constrained\">\n<div class=\"wp-block-group alignwide is-vertical is-content-justification-center is-layout-flex wp-container-core-group-is-layout-5e763914 wp-block-group-is-layout-flex\" style=\"min-height:8rem\">\n<div class=\"wp-block-group has-global-padding is-layout-constrained wp-container-core-group-is-layout-bea02a06 wp-block-group-is-layout-constrained\">\n<h2 class=\"wp-block-heading has-text-align-center has-text-color\" style=\"color:#ffffff;margin-top:0rem;margin-bottom:1.01rem;font-size:clamp(2.071rem, 2.071rem + ((1vw - 0.2rem) * 2.98), 3.71rem);font-style:normal;font-weight:400;line-height:1;text-transform:none\">krigsspel.se partners<\/h2>\n<\/div>\n<\/div>\n<\/div><\/div>\n\n\n\n<section class=\"wp-block-group alignfull has-text-color has-global-padding is-layout-constrained wp-container-core-group-is-layout-4252d6ba wp-block-group-is-layout-constrained\" style=\"color:#03081e;margin-top:0px;padding-top:6.51rem;padding-right:1rem;padding-bottom:5.5rem;padding-left:1rem;font-size:clamp(0.875rem, 0.875rem + ((1vw - 0.2rem) * 0.464), 1.13rem);font-style:normal;font-weight:400;line-height:1.4\">\n<div class=\"wp-block-columns is-layout-flex wp-container-core-columns-is-layout-db2df21c wp-block-columns-is-layout-flex\" style=\"margin-bottom:0px\">\n<div class=\"wp-block-column has-global-padding is-content-justification-left is-layout-constrained wp-container-core-column-is-layout-12dd3699 wp-block-column-is-layout-constrained\" style=\"flex-basis:50%\">\n<figure class=\"wp-block-image size-full has-custom-border\"><img loading=\"lazy\" decoding=\"async\" width=\"800\" height=\"491\" src=\"https:\/\/krigsspel.se\/wordpress\/wp-content\/uploads\/2024\/11\/image.png\" alt=\"\" class=\"wp-image-904\" style=\"border-radius:30px\" srcset=\"https:\/\/krigsspel.se\/wordpress\/wp-content\/uploads\/2024\/11\/image.png 800w, https:\/\/krigsspel.se\/wordpress\/wp-content\/uploads\/2024\/11\/image-300x184.png 300w, https:\/\/krigsspel.se\/wordpress\/wp-content\/uploads\/2024\/11\/image-768x471.png 768w\" sizes=\"auto, (max-width: 800px) 100vw, 800px\" \/><\/figure>\n<\/div>\n\n\n\n<div class=\"wp-block-column is-layout-flow wp-block-column-is-layout-flow\">\n<div class=\"wp-block-group is-vertical is-content-justification-left is-layout-flex wp-container-core-group-is-layout-c5d44cae wp-block-group-is-layout-flex\" style=\"min-height:100%\">\n<div class=\"wp-block-group has-global-padding is-content-justification-center is-layout-constrained wp-container-core-group-is-layout-b15c80d6 wp-block-group-is-layout-constrained\">\n<h3 class=\"wp-block-heading has-text-align-left has-text-color\" style=\"color:#385c00;margin-top:0.5rem;margin-bottom:1.01rem;font-size:clamp(1.044rem, 1.044rem + ((1vw - 0.2rem) * 1.029), 1.61rem);font-style:normal;font-weight:500;letter-spacing:0px;line-height:1.3;text-transform:capitalize\">Friendly Fire<\/h3>\n\n\n\n<p class=\"has-text-align-left has-text-color has-medium-font-size\" style=\"color:#03081e;margin-top:0rem;font-style:normal;font-weight:400;line-height:1.6\">Sveriges f\u00f6rn\u00e4msta krigsspels-tr\u00e4ff som i skrivande stund \u00e4r uppe i tr\u00e4ff nummer 30. Och nej det har inte arrangerats i 30 \u00e5r  utan de senaste \u00e5ren s\u00e5 har vi konstaterat att det \u00e4r alldeles f\u00f6r roligt f\u00f6r att bara ha ett Friendly Fire per \u00e5r s\u00e5 numera arrangeras den i en v\u00e5r-ut\u00e5va och en h\u00f6st-utg\u00e5va.<\/p>\n\n\n\n<p class=\"has-text-color has-medium-font-size\" style=\"color:#03081e;margin-top:0rem;font-style:normal;font-weight:400;line-height:1.6\">Titta \u00f6ver p\u00e5 Galleri-sidan f\u00f6r att f\u00e5 en uppfattning om hur det kan vara och g\u00e5 sedan in p\u00e5 forumets &#8221;Event&#8221;-del f\u00f6r mer information om detta fantastiska event.<\/p>\n<\/div>\n<\/div>\n<\/div>\n<\/div>\n<\/section>\n\n\n\n<section class=\"wp-block-group alignfull has-text-color has-background has-global-padding is-layout-constrained wp-container-core-group-is-layout-b691706e wp-block-group-is-layout-constrained\" style=\"color:#03081e;background-color:#eff9ff;margin-top:0px;padding-top:4.01rem;padding-right:1rem;padding-bottom:5.5rem;padding-left:1rem;font-size:clamp(0.875rem, 0.875rem + ((1vw - 0.2rem) * 0.464), 1.13rem);font-style:normal;font-weight:400;line-height:1.4\">\n<div class=\"wp-block-columns is-layout-flex wp-container-core-columns-is-layout-db2df21c wp-block-columns-is-layout-flex\" style=\"margin-bottom:0px\">\n<div class=\"wp-block-column is-layout-flow wp-block-column-is-layout-flow\">\n<div class=\"wp-block-group is-vertical is-content-justification-left is-layout-flex wp-container-core-group-is-layout-c5d44cae wp-block-group-is-layout-flex\" style=\"min-height:100%\">\n<div class=\"wp-block-group has-global-padding is-content-justification-center is-layout-constrained wp-container-core-group-is-layout-b15c80d6 wp-block-group-is-layout-constrained\">\n<h3 class=\"wp-block-heading has-text-align-left has-text-color\" style=\"color:#385c00;margin-top:0.5rem;margin-bottom:1.01rem;font-size:clamp(1.044rem, 1.044rem + ((1vw - 0.2rem) * 1.029), 1.61rem);font-style:normal;font-weight:500;letter-spacing:0px;line-height:1.3;text-transform:capitalize\">ASL Sweden<\/h3>\n\n\n\n<p>Ocks\u00e5 ett l\u00e5nglivat forum inriktat till krigsspelare men uteslutande d\u00e5 p\u00e5 det anrika spelet &#8221;Advanced Squad Leader&#8221;<\/p>\n\n\n\n<p class=\"has-text-align-left has-text-color\" style=\"color:#03081e;margin-top:0rem;font-size:clamp(0.875rem, 0.875rem + ((1vw - 0.2rem) * 0.245), 1.01rem);font-style:normal;font-weight:400;line-height:1.6\"><\/p>\n\n\n\n<div class=\"wp-block-buttons is-horizontal is-content-justification-right is-layout-flex wp-container-core-buttons-is-layout-e5324bbf wp-block-buttons-is-layout-flex\" style=\"margin-top:0.21rem\">\n<div class=\"wp-block-button has-custom-width wp-block-button__width-100 has-custom-font-size is-style-fill has-work-sans-regular-font-family\" style=\"font-size:clamp(0.875rem, 0.875rem + ((1vw - 0.2rem) * 0.409), 1.1rem);font-style:normal;font-weight:600;line-height:1\"><a class=\"wp-block-button__link has-text-color has-background has-border-color wp-element-button\" href=\"https:\/\/aslsweden.com\" style=\"border-color:#345c01;border-style:solid;border-width:5px;border-radius:0.74rem;color:#ffffff;background-color:#407942;padding-top:1.1rem;padding-right:0.81rem;padding-bottom:1.1rem;padding-left:0.81rem\" target=\"_blank\" rel=\"noreferrer noopener nofollow\">G\u00e5 vidare till ASL Sweden<\/a><\/div>\n<\/div>\n<\/div>\n<\/div>\n<\/div>\n\n\n\n<div class=\"wp-block-column has-global-padding is-content-justification-left is-layout-constrained wp-container-core-column-is-layout-12dd3699 wp-block-column-is-layout-constrained\" style=\"flex-basis:50%\">\n<figure class=\"wp-block-image size-full is-resized has-custom-border\"><img loading=\"lazy\" decoding=\"async\" width=\"200\" height=\"238\" src=\"https:\/\/krigsspel.se\/wordpress\/wp-content\/uploads\/2024\/11\/asl_sweden_med.jpeg\" alt=\"\" class=\"wp-image-917\" style=\"border-radius:30px;width:344px;height:auto\"\/><\/figure>\n<\/div>\n<\/div>\n<\/section>\n\n\n\n<section class=\"wp-block-cover alignfull\" style=\"margin-top:0px;padding-bottom:0rem;min-height:664px;aspect-ratio:unset;\"><span aria-hidden=\"true\" class=\"wp-block-cover__background has-background-dim-0 has-background-dim\" style=\"background-color:#7d6e62\"><\/span><img loading=\"lazy\" decoding=\"async\" width=\"1920\" height=\"1080\" class=\"wp-block-cover__image-background wp-image-544\" alt=\"\" src=\"http:\/\/krigsspel.se\/wordpress\/wp-content\/uploads\/2024\/11\/2024-10-05-20.43.43-Stor.jpg\" style=\"object-position:47% 68%\" data-object-fit=\"cover\" data-object-position=\"47% 68%\" srcset=\"https:\/\/krigsspel.se\/wordpress\/wp-content\/uploads\/2024\/11\/2024-10-05-20.43.43-Stor.jpg 1920w, https:\/\/krigsspel.se\/wordpress\/wp-content\/uploads\/2024\/11\/2024-10-05-20.43.43-Stor-300x169.jpg 300w, https:\/\/krigsspel.se\/wordpress\/wp-content\/uploads\/2024\/11\/2024-10-05-20.43.43-Stor-1024x576.jpg 1024w, https:\/\/krigsspel.se\/wordpress\/wp-content\/uploads\/2024\/11\/2024-10-05-20.43.43-Stor-768x432.jpg 768w, https:\/\/krigsspel.se\/wordpress\/wp-content\/uploads\/2024\/11\/2024-10-05-20.43.43-Stor-1536x864.jpg 1536w\" sizes=\"auto, (max-width: 1920px) 100vw, 1920px\" \/><div class=\"wp-block-cover__inner-container has-global-padding is-layout-constrained wp-container-core-cover-is-layout-85e38191 wp-block-cover-is-layout-constrained\">\n<div class=\"wp-block-group alignfull has-text-color has-global-padding is-layout-constrained wp-container-core-group-is-layout-6f61d7e7 wp-block-group-is-layout-constrained\" style=\"color:#252525;margin-top:0px;padding-top:0rem;padding-right:1rem;padding-bottom:0rem;padding-left:1rem;font-size:clamp(0.875rem, 0.875rem + ((1vw - 0.2rem) * 0.464), 1.13rem);font-style:normal;font-weight:400;line-height:1.4\">\n<div class=\"wp-block-group is-vertical is-content-justification-center is-layout-flex wp-container-core-group-is-layout-b6c1f246 wp-block-group-is-layout-flex\">\n<div class=\"wp-block-group has-global-padding is-layout-constrained wp-container-core-group-is-layout-a099c240 wp-block-group-is-layout-constrained\">\n<h2 class=\"wp-block-heading has-text-align-center has-text-color\" style=\"color:#ffffff;margin-bottom:1.11rem;font-size:clamp(1.556rem, 1.556rem + ((1vw - 0.2rem) * 1.916), 2.61rem);font-style:normal;font-weight:500;line-height:1.2;text-transform:capitalize\">Kontakta oss!<\/h2>\n\n\n\n<p class=\"has-text-align-center has-text-color\" style=\"color:#ffffff;margin-top:0rem;font-size:clamp(0.875rem, 0.875rem + ((1vw - 0.2rem) * 0.427), 1.11rem);font-style:normal;font-weight:400;line-height:1.6\">Har du fr\u00e5gor? Kontakta oss! Vi \u00e4lskar att komma i kontakt med nya och erfarna krigsspelare!<\/p>\n\n\n\n<div class=\"wp-block-group is-vertical is-content-justification-stretch is-layout-flex wp-container-core-group-is-layout-be82aac6 wp-block-group-is-layout-flex\" style=\"margin-top:0rem;padding-right:0px;padding-left:0px\">\n<div class=\"wp-block-group has-global-padding is-content-justification-center is-layout-constrained wp-container-core-group-is-layout-0638dde4 wp-block-group-is-layout-constrained\" style=\"margin-top:0px\">\n<div class=\"wp-block-buttons is-horizontal is-content-justification-right is-layout-flex wp-container-core-buttons-is-layout-1b0e492f wp-block-buttons-is-layout-flex\" style=\"margin-top:2.21rem\">\n<div class=\"wp-block-button has-custom-width wp-block-button__width-100 has-custom-font-size is-style-fill\" style=\"font-size:clamp(0.875rem, 0.875rem + ((1vw - 0.2rem) * 0.609), 1.21rem);font-style:normal;font-weight:600;line-height:1;text-transform:capitalize\"><a class=\"wp-block-button__link has-text-color has-background has-border-color wp-element-button\" href=\"https:\/\/krigsspel.se\/wordpress\/kontakt\/\" style=\"border-color:#345c01;border-style:solid;border-width:5px;border-radius:0.75rem;color:#ffffff;background-color:#407942;padding-top:1.1rem;padding-right:0.81rem;padding-bottom:1.1rem;padding-left:0.81rem\">Kontakta oss<\/a><\/div>\n<\/div>\n<\/div>\n<\/div>\n<\/div>\n<\/div>\n<\/div>\n<\/div><\/section>\n","protected":false},"excerpt":{"rendered":"<p>Friendly Fire Sveriges f\u00f6rn\u00e4msta krigsspels-tr\u00e4ff som i skrivande stund \u00e4r uppe i tr\u00e4ff nummer 30. Och nej det har inte arrangerats i 30 \u00e5r utan de senaste \u00e5ren s\u00e5 har [&hellip;]<\/p>\n","protected":false},"author":1,"featured_media":0,"parent":0,"menu_order":0,"comment_status":"closed","ping_status":"closed","template":"","meta":{"_EventAllDay":false,"_EventTimezone":"","_EventStartDate":"","_EventEndDate":"","_EventStartDateUTC":"","_EventEndDateUTC":"","_EventShowMap":false,"_EventShowMapLink":false,"_EventURL":"","_EventCost":"","_EventCostDescription":"","_EventCurrencySymbol":"","_EventCurrencyCode":"","_EventCurrencyPosition":"","_EventDateTimeSeparator":"","_EventTimeRangeSeparator":"","_EventOrganizerID":[],"_EventVenueID":[],"_OrganizerEmail":"","_OrganizerPhone":"","_OrganizerWebsite":"","_VenueAddress":"","_VenueCity":"","_VenueCountry":"","_VenueProvince":"","_VenueState":"","_VenueZip":"","_VenuePhone":"","_VenueURL":"","_VenueStateProvince":"","_VenueLat":"","_VenueLng":"","_VenueShowMap":false,"_VenueShowMapLink":false,"iawp_total_views":88,"footnotes":""},"folder":[],"class_list":["post-448","page","type-page","status-publish","hentry"],"yoast_head":"<!-- This site is optimized with the Yoast SEO plugin v27.4 - https:\/\/yoast.com\/product\/yoast-seo-wordpress\/ -->\n<title>Partners - Krigsspel.se<\/title>\n<meta name=\"robots\" content=\"index, follow, max-snippet:-1, max-image-preview:large, max-video-preview:-1\" \/>\n<link rel=\"canonical\" href=\"https:\/\/krigsspel.se\/wordpress\/partners\/\" \/>\n<meta property=\"og:locale\" content=\"sv_SE\" \/>\n<meta property=\"og:type\" content=\"article\" \/>\n<meta property=\"og:title\" content=\"Partners - Krigsspel.se\" \/>\n<meta property=\"og:description\" content=\"Friendly Fire Sveriges f\u00f6rn\u00e4msta krigsspels-tr\u00e4ff som i skrivande stund \u00e4r uppe i tr\u00e4ff nummer 30. Och nej det har inte arrangerats i 30 \u00e5r utan de senaste \u00e5ren s\u00e5 har [&hellip;]\" \/>\n<meta property=\"og:url\" content=\"https:\/\/krigsspel.se\/wordpress\/partners\/\" \/>\n<meta property=\"og:site_name\" content=\"Krigsspel.se\" \/>\n<meta property=\"article:publisher\" content=\"https:\/\/www.facebook.com\/groups\/6061258507\" \/>\n<meta property=\"article:modified_time\" content=\"2024-11-07T09:08:59+00:00\" \/>\n<meta property=\"og:image\" content=\"https:\/\/krigsspel.se\/wordpress\/wp-content\/uploads\/2024\/11\/Lincon2019.jpg\" \/>\n<meta name=\"twitter:card\" content=\"summary_large_image\" \/>\n<meta name=\"twitter:label1\" content=\"Ber\u00e4knad l\u00e4stid\" \/>\n\t<meta name=\"twitter:data1\" content=\"2 minuter\" \/>\n<script type=\"application\/ld+json\" class=\"yoast-schema-graph\">{\"@context\":\"https:\\\/\\\/schema.org\",\"@graph\":[{\"@type\":\"WebPage\",\"@id\":\"https:\\\/\\\/krigsspel.se\\\/wordpress\\\/partners\\\/\",\"url\":\"https:\\\/\\\/krigsspel.se\\\/wordpress\\\/partners\\\/\",\"name\":\"Partners - Krigsspel.se\",\"isPartOf\":{\"@id\":\"https:\\\/\\\/krigsspel.se\\\/wordpress\\\/#website\"},\"primaryImageOfPage\":{\"@id\":\"https:\\\/\\\/krigsspel.se\\\/wordpress\\\/partners\\\/#primaryimage\"},\"image\":{\"@id\":\"https:\\\/\\\/krigsspel.se\\\/wordpress\\\/partners\\\/#primaryimage\"},\"thumbnailUrl\":\"https:\\\/\\\/krigsspel.se\\\/wordpress\\\/wp-content\\\/uploads\\\/2024\\\/11\\\/Lincon2019.jpg\",\"datePublished\":\"2024-11-01T07:03:13+00:00\",\"dateModified\":\"2024-11-07T09:08:59+00:00\",\"breadcrumb\":{\"@id\":\"https:\\\/\\\/krigsspel.se\\\/wordpress\\\/partners\\\/#breadcrumb\"},\"inLanguage\":\"sv-SE\",\"potentialAction\":[{\"@type\":\"ReadAction\",\"target\":[\"https:\\\/\\\/krigsspel.se\\\/wordpress\\\/partners\\\/\"]}]},{\"@type\":\"ImageObject\",\"inLanguage\":\"sv-SE\",\"@id\":\"https:\\\/\\\/krigsspel.se\\\/wordpress\\\/partners\\\/#primaryimage\",\"url\":\"https:\\\/\\\/krigsspel.se\\\/wordpress\\\/wp-content\\\/uploads\\\/2024\\\/11\\\/Lincon2019.jpg\",\"contentUrl\":\"https:\\\/\\\/krigsspel.se\\\/wordpress\\\/wp-content\\\/uploads\\\/2024\\\/11\\\/Lincon2019.jpg\",\"width\":2046,\"height\":1362},{\"@type\":\"BreadcrumbList\",\"@id\":\"https:\\\/\\\/krigsspel.se\\\/wordpress\\\/partners\\\/#breadcrumb\",\"itemListElement\":[{\"@type\":\"ListItem\",\"position\":1,\"name\":\"Hem\",\"item\":\"https:\\\/\\\/krigsspel.se\\\/wordpress\\\/\"},{\"@type\":\"ListItem\",\"position\":2,\"name\":\"Partners\"}]},{\"@type\":\"WebSite\",\"@id\":\"https:\\\/\\\/krigsspel.se\\\/wordpress\\\/#website\",\"url\":\"https:\\\/\\\/krigsspel.se\\\/wordpress\\\/\",\"name\":\"Krigsspel.se\",\"description\":\"Samlingsplatsen f\u00f6r krigsspelare i Sverige\",\"publisher\":{\"@id\":\"https:\\\/\\\/krigsspel.se\\\/wordpress\\\/#organization\"},\"potentialAction\":[{\"@type\":\"SearchAction\",\"target\":{\"@type\":\"EntryPoint\",\"urlTemplate\":\"https:\\\/\\\/krigsspel.se\\\/wordpress\\\/?s={search_term_string}\"},\"query-input\":{\"@type\":\"PropertyValueSpecification\",\"valueRequired\":true,\"valueName\":\"search_term_string\"}}],\"inLanguage\":\"sv-SE\"},{\"@type\":\"Organization\",\"@id\":\"https:\\\/\\\/krigsspel.se\\\/wordpress\\\/#organization\",\"name\":\"Krigsspel.se\",\"url\":\"https:\\\/\\\/krigsspel.se\\\/wordpress\\\/\",\"logo\":{\"@type\":\"ImageObject\",\"inLanguage\":\"sv-SE\",\"@id\":\"https:\\\/\\\/krigsspel.se\\\/wordpress\\\/#\\\/schema\\\/logo\\\/image\\\/\",\"url\":\"https:\\\/\\\/krigsspel.se\\\/wordpress\\\/wp-content\\\/uploads\\\/2024\\\/10\\\/logga-1.png\",\"contentUrl\":\"https:\\\/\\\/krigsspel.se\\\/wordpress\\\/wp-content\\\/uploads\\\/2024\\\/10\\\/logga-1.png\",\"width\":592,\"height\":70,\"caption\":\"Krigsspel.se\"},\"image\":{\"@id\":\"https:\\\/\\\/krigsspel.se\\\/wordpress\\\/#\\\/schema\\\/logo\\\/image\\\/\"},\"sameAs\":[\"https:\\\/\\\/www.facebook.com\\\/groups\\\/6061258507\"]}]}<\/script>\n<!-- \/ Yoast SEO plugin. -->","yoast_head_json":{"title":"Partners - Krigsspel.se","robots":{"index":"index","follow":"follow","max-snippet":"max-snippet:-1","max-image-preview":"max-image-preview:large","max-video-preview":"max-video-preview:-1"},"canonical":"https:\/\/krigsspel.se\/wordpress\/partners\/","og_locale":"sv_SE","og_type":"article","og_title":"Partners - Krigsspel.se","og_description":"Friendly Fire Sveriges f\u00f6rn\u00e4msta krigsspels-tr\u00e4ff som i skrivande stund \u00e4r uppe i tr\u00e4ff nummer 30. Och nej det har inte arrangerats i 30 \u00e5r utan de senaste \u00e5ren s\u00e5 har [&hellip;]","og_url":"https:\/\/krigsspel.se\/wordpress\/partners\/","og_site_name":"Krigsspel.se","article_publisher":"https:\/\/www.facebook.com\/groups\/6061258507","article_modified_time":"2024-11-07T09:08:59+00:00","og_image":[{"url":"https:\/\/krigsspel.se\/wordpress\/wp-content\/uploads\/2024\/11\/Lincon2019.jpg","type":"","width":"","height":""}],"twitter_card":"summary_large_image","twitter_misc":{"Ber\u00e4knad l\u00e4stid":"2 minuter"},"schema":{"@context":"https:\/\/schema.org","@graph":[{"@type":"WebPage","@id":"https:\/\/krigsspel.se\/wordpress\/partners\/","url":"https:\/\/krigsspel.se\/wordpress\/partners\/","name":"Partners - Krigsspel.se","isPartOf":{"@id":"https:\/\/krigsspel.se\/wordpress\/#website"},"primaryImageOfPage":{"@id":"https:\/\/krigsspel.se\/wordpress\/partners\/#primaryimage"},"image":{"@id":"https:\/\/krigsspel.se\/wordpress\/partners\/#primaryimage"},"thumbnailUrl":"https:\/\/krigsspel.se\/wordpress\/wp-content\/uploads\/2024\/11\/Lincon2019.jpg","datePublished":"2024-11-01T07:03:13+00:00","dateModified":"2024-11-07T09:08:59+00:00","breadcrumb":{"@id":"https:\/\/krigsspel.se\/wordpress\/partners\/#breadcrumb"},"inLanguage":"sv-SE","potentialAction":[{"@type":"ReadAction","target":["https:\/\/krigsspel.se\/wordpress\/partners\/"]}]},{"@type":"ImageObject","inLanguage":"sv-SE","@id":"https:\/\/krigsspel.se\/wordpress\/partners\/#primaryimage","url":"https:\/\/krigsspel.se\/wordpress\/wp-content\/uploads\/2024\/11\/Lincon2019.jpg","contentUrl":"https:\/\/krigsspel.se\/wordpress\/wp-content\/uploads\/2024\/11\/Lincon2019.jpg","width":2046,"height":1362},{"@type":"BreadcrumbList","@id":"https:\/\/krigsspel.se\/wordpress\/partners\/#breadcrumb","itemListElement":[{"@type":"ListItem","position":1,"name":"Hem","item":"https:\/\/krigsspel.se\/wordpress\/"},{"@type":"ListItem","position":2,"name":"Partners"}]},{"@type":"WebSite","@id":"https:\/\/krigsspel.se\/wordpress\/#website","url":"https:\/\/krigsspel.se\/wordpress\/","name":"Krigsspel.se","description":"Samlingsplatsen f\u00f6r krigsspelare i Sverige","publisher":{"@id":"https:\/\/krigsspel.se\/wordpress\/#organization"},"potentialAction":[{"@type":"SearchAction","target":{"@type":"EntryPoint","urlTemplate":"https:\/\/krigsspel.se\/wordpress\/?s={search_term_string}"},"query-input":{"@type":"PropertyValueSpecification","valueRequired":true,"valueName":"search_term_string"}}],"inLanguage":"sv-SE"},{"@type":"Organization","@id":"https:\/\/krigsspel.se\/wordpress\/#organization","name":"Krigsspel.se","url":"https:\/\/krigsspel.se\/wordpress\/","logo":{"@type":"ImageObject","inLanguage":"sv-SE","@id":"https:\/\/krigsspel.se\/wordpress\/#\/schema\/logo\/image\/","url":"https:\/\/krigsspel.se\/wordpress\/wp-content\/uploads\/2024\/10\/logga-1.png","contentUrl":"https:\/\/krigsspel.se\/wordpress\/wp-content\/uploads\/2024\/10\/logga-1.png","width":592,"height":70,"caption":"Krigsspel.se"},"image":{"@id":"https:\/\/krigsspel.se\/wordpress\/#\/schema\/logo\/image\/"},"sameAs":["https:\/\/www.facebook.com\/groups\/6061258507"]}]}},"_links":{"self":[{"href":"https:\/\/krigsspel.se\/wordpress\/wp-json\/wp\/v2\/pages\/448","targetHints":{"allow":["GET"]}}],"collection":[{"href":"https:\/\/krigsspel.se\/wordpress\/wp-json\/wp\/v2\/pages"}],"about":[{"href":"https:\/\/krigsspel.se\/wordpress\/wp-json\/wp\/v2\/types\/page"}],"author":[{"embeddable":true,"href":"https:\/\/krigsspel.se\/wordpress\/wp-json\/wp\/v2\/users\/1"}],"replies":[{"embeddable":true,"href":"https:\/\/krigsspel.se\/wordpress\/wp-json\/wp\/v2\/comments?post=448"}],"version-history":[{"count":31,"href":"https:\/\/krigsspel.se\/wordpress\/wp-json\/wp\/v2\/pages\/448\/revisions"}],"predecessor-version":[{"id":1518,"href":"https:\/\/krigsspel.se\/wordpress\/wp-json\/wp\/v2\/pages\/448\/revisions\/1518"}],"wp:attachment":[{"href":"https:\/\/krigsspel.se\/wordpress\/wp-json\/wp\/v2\/media?parent=448"}],"wp:term":[{"taxonomy":"folder","embeddable":true,"href":"https:\/\/krigsspel.se\/wordpress\/wp-json\/wp\/v2\/folder?post=448"}],"curies":[{"name":"wp","href":"https:\/\/api.w.org\/{rel}","templated":true}]}}