{"id":495,"date":"2024-11-01T09:02:28","date_gmt":"2024-11-01T10:02:28","guid":{"rendered":"https:\/\/krigsspel.se\/wordpress\/?page_id=495"},"modified":"2024-11-19T06:44:56","modified_gmt":"2024-11-19T07:44:56","slug":"om-forumet","status":"publish","type":"page","link":"https:\/\/krigsspel.se\/wordpress\/om-forumet\/","title":{"rendered":"Om Forumet"},"content":{"rendered":"\n<div class=\"wp-block-cover alignfull is-light\" style=\"margin-top:0;margin-bottom:0;padding-top:0rem;padding-right:0px;padding-bottom:161px;padding-left:63vh;min-height:568px;aspect-ratio:unset;\"><span aria-hidden=\"true\" class=\"wp-block-cover__background has-background-dim-0 has-background-dim\" style=\"background-color:#9c8254\"><\/span><img loading=\"lazy\" decoding=\"async\" width=\"2048\" height=\"1358\" class=\"wp-block-cover__image-background wp-image-553\" alt=\"\" src=\"https:\/\/krigsspel.se\/wordpress\/wp-content\/uploads\/2024\/11\/Lincon2016_1.jpg\" style=\"object-position:45% 34%\" data-object-fit=\"cover\" data-object-position=\"45% 34%\" srcset=\"https:\/\/krigsspel.se\/wordpress\/wp-content\/uploads\/2024\/11\/Lincon2016_1.jpg 2048w, https:\/\/krigsspel.se\/wordpress\/wp-content\/uploads\/2024\/11\/Lincon2016_1-300x199.jpg 300w, https:\/\/krigsspel.se\/wordpress\/wp-content\/uploads\/2024\/11\/Lincon2016_1-1024x679.jpg 1024w, https:\/\/krigsspel.se\/wordpress\/wp-content\/uploads\/2024\/11\/Lincon2016_1-768x509.jpg 768w, https:\/\/krigsspel.se\/wordpress\/wp-content\/uploads\/2024\/11\/Lincon2016_1-1536x1019.jpg 1536w\" sizes=\"auto, (max-width: 2048px) 100vw, 2048px\" \/><div class=\"wp-block-cover__inner-container has-global-padding is-layout-constrained wp-container-core-cover-is-layout-a328993a wp-block-cover-is-layout-constrained\">\n<div class=\"wp-block-group alignwide is-vertical is-content-justification-center is-layout-flex wp-container-core-group-is-layout-5e763914 wp-block-group-is-layout-flex\" style=\"min-height:8rem\">\n<div class=\"wp-block-group has-global-padding is-layout-constrained wp-container-core-group-is-layout-bea02a06 wp-block-group-is-layout-constrained\">\n<h2 class=\"wp-block-heading has-text-align-center has-text-color\" style=\"color:#ffffff;margin-top:0rem;margin-bottom:1.01rem;font-size:clamp(2.071rem, 2.071rem + ((1vw - 0.2rem) * 2.98), 3.71rem);font-style:normal;font-weight:400;line-height:1;text-transform:none\">Om forumet<\/h2>\n<\/div>\n<\/div>\n<\/div><\/div>\n\n\n\n<section class=\"wp-block-group alignfull has-text-color has-global-padding is-layout-constrained wp-container-core-group-is-layout-4252d6ba wp-block-group-is-layout-constrained\" style=\"color:#03081e;margin-top:0px;padding-top:6.51rem;padding-right:1rem;padding-bottom:5.5rem;padding-left:1rem;font-size:clamp(0.875rem, 0.875rem + ((1vw - 0.2rem) * 0.464), 1.13rem);font-style:normal;font-weight:400;line-height:1.4\">\n<div class=\"wp-block-columns is-layout-flex wp-container-core-columns-is-layout-db2df21c wp-block-columns-is-layout-flex\" style=\"margin-bottom:0px\">\n<div class=\"wp-block-column has-global-padding is-content-justification-left is-layout-constrained wp-container-core-column-is-layout-12dd3699 wp-block-column-is-layout-constrained\" style=\"flex-basis:50%\">\n<figure class=\"wp-block-image size-large is-resized has-custom-border\"><a href=\"https:\/\/www.krigsspel.se\/forum\/index.php\" target=\"_blank\" rel=\"noreferrer noopener\"><img loading=\"lazy\" decoding=\"async\" width=\"868\" height=\"1024\" src=\"https:\/\/krigsspel.se\/wordpress\/wp-content\/uploads\/2024\/11\/image-18-868x1024.png\" alt=\"\" class=\"wp-image-1026\" style=\"border-radius:30px;width:546px;height:auto\" srcset=\"https:\/\/krigsspel.se\/wordpress\/wp-content\/uploads\/2024\/11\/image-18-868x1024.png 868w, https:\/\/krigsspel.se\/wordpress\/wp-content\/uploads\/2024\/11\/image-18-254x300.png 254w, https:\/\/krigsspel.se\/wordpress\/wp-content\/uploads\/2024\/11\/image-18-768x906.png 768w, https:\/\/krigsspel.se\/wordpress\/wp-content\/uploads\/2024\/11\/image-18.png 1093w\" sizes=\"auto, (max-width: 868px) 100vw, 868px\" \/><\/a><\/figure>\n<\/div>\n\n\n\n<div class=\"wp-block-column is-layout-flow wp-block-column-is-layout-flow\">\n<div class=\"wp-block-group is-vertical is-content-justification-left is-layout-flex wp-container-core-group-is-layout-c5d44cae wp-block-group-is-layout-flex\" style=\"min-height:100%\">\n<div class=\"wp-block-group has-global-padding is-content-justification-center is-layout-constrained wp-container-core-group-is-layout-b15c80d6 wp-block-group-is-layout-constrained\">\n<h3 class=\"wp-block-heading has-text-align-left has-text-color\" style=\"color:#385c00;margin-top:0.5rem;margin-bottom:1.01rem;font-size:clamp(1.044rem, 1.044rem + ((1vw - 0.2rem) * 1.029), 1.61rem);font-style:normal;font-weight:500;letter-spacing:0px;line-height:1.3;text-transform:capitalize\">Forumet<\/h3>\n\n\n\n<p class=\"has-text-align-left has-text-color\" style=\"color:#03081e;margin-top:0rem;font-size:clamp(0.875rem, 0.875rem + ((1vw - 0.2rem) * 0.245), 1.01rem);font-style:normal;font-weight:400;line-height:1.6\">Det bultande hj\u00e4rtat i krigsspel.se \u00e4r forumet d\u00e4r v\u00e5ra medlemmar pratar, recenserar och planerar krigsspelade.<\/p>\n\n\n\n<p>Krigsspel.se har \u00e4ven en Facebook-del som \u00e4r aktiv och d\u00e4r en del diskuteras men det \u00e4r inte j\u00e4mf\u00f6rbart med kvaliteten p\u00e5 det medlemmarna postar p\u00e5 forumet och informationen och \u00e5sikterna om spel som man kan utl\u00e4sa d\u00e4r.<\/p>\n<\/div>\n<\/div>\n<\/div>\n<\/div>\n<\/section>\n\n\n\n<section class=\"wp-block-group alignfull has-text-color has-background has-global-padding is-layout-constrained wp-container-core-group-is-layout-b691706e wp-block-group-is-layout-constrained\" style=\"color:#03081e;background-color:#eff9ff;margin-top:0px;padding-top:4.01rem;padding-right:1rem;padding-bottom:5.5rem;padding-left:1rem;font-size:clamp(0.875rem, 0.875rem + ((1vw - 0.2rem) * 0.464), 1.13rem);font-style:normal;font-weight:400;line-height:1.4\">\n<div class=\"wp-block-columns is-layout-flex wp-container-core-columns-is-layout-db2df21c wp-block-columns-is-layout-flex\" style=\"margin-bottom:0px\">\n<div class=\"wp-block-column is-layout-flow wp-block-column-is-layout-flow\">\n<div class=\"wp-block-group is-vertical is-content-justification-left is-layout-flex wp-container-core-group-is-layout-c5d44cae wp-block-group-is-layout-flex\" style=\"min-height:100%\">\n<div class=\"wp-block-group has-global-padding is-content-justification-center is-layout-constrained wp-container-core-group-is-layout-b15c80d6 wp-block-group-is-layout-constrained\">\n<h3 class=\"wp-block-heading has-text-align-left has-text-color\" style=\"color:#385c00;margin-top:0.5rem;margin-bottom:1.01rem;font-size:clamp(1.044rem, 1.044rem + ((1vw - 0.2rem) * 1.029), 1.61rem);font-style:normal;font-weight:500;letter-spacing:0px;line-height:1.3;text-transform:none\">Registrera dig och bli medlem<\/h3>\n\n\n\n<p class=\"has-text-align-left has-text-color\" style=\"color:#03081e;margin-top:0rem;font-size:clamp(0.875rem, 0.875rem + ((1vw - 0.2rem) * 0.245), 1.01rem);font-style:normal;font-weight:400;line-height:1.6\">G\u00e5 in p\u00e5 forumet och registrera dig som medlem p\u00e5 forumet med n\u00e5gra f\u00e5 enkla steg och b\u00f6rja delta i diskussionerna och st\u00e4ll fr\u00e5gor.<\/p>\n\n\n\n<p>Naturligtvis \u00e4r det inte ett krav, vi tr\u00e4ffar ofta &#8221;smyg-l\u00e4sare&#8221; som har smygl\u00e4st forumet i n\u00e4rmare 20 \u00e5r utan att vara medlemmar.<br><\/p>\n\n\n\n<div class=\"wp-block-buttons is-horizontal is-content-justification-right is-layout-flex wp-container-core-buttons-is-layout-e5324bbf wp-block-buttons-is-layout-flex\" style=\"margin-top:0.21rem\">\n<div class=\"wp-block-button has-custom-width wp-block-button__width-50 has-custom-font-size is-style-fill has-work-sans-regular-font-family\" style=\"font-size:clamp(0.875rem, 0.875rem + ((1vw - 0.2rem) * 0.409), 1.1rem);font-style:normal;font-weight:600;line-height:1\"><a class=\"wp-block-button__link has-text-color has-background has-border-color has-text-align-center wp-element-button\" href=\"https:\/\/www.krigsspel.se\/forum\/index.php?action=signup\" style=\"border-color:#345c01;border-style:solid;border-width:5px;border-radius:0.74rem;color:#ffffff;background-color:#407942;padding-top:1.1rem;padding-right:0.81rem;padding-bottom:1.1rem;padding-left:0.81rem\" target=\"_blank\" rel=\"noreferrer noopener nofollow\">Registrera dig!<\/a><\/div>\n<\/div>\n<\/div>\n<\/div>\n<\/div>\n\n\n\n<div class=\"wp-block-column has-global-padding is-content-justification-left is-layout-constrained wp-container-core-column-is-layout-12dd3699 wp-block-column-is-layout-constrained\" style=\"flex-basis:50%\">\n<figure class=\"wp-block-image aligncenter size-full is-resized has-custom-border\"><img loading=\"lazy\" decoding=\"async\" width=\"512\" height=\"512\" src=\"https:\/\/krigsspel.se\/wordpress\/wp-content\/uploads\/2024\/11\/8-WM8QKFYRyKgKKfb.png\" alt=\"\" class=\"wp-image-1037\" style=\"border-radius:30px;width:520px\" srcset=\"https:\/\/krigsspel.se\/wordpress\/wp-content\/uploads\/2024\/11\/8-WM8QKFYRyKgKKfb.png 512w, https:\/\/krigsspel.se\/wordpress\/wp-content\/uploads\/2024\/11\/8-WM8QKFYRyKgKKfb-300x300.png 300w, https:\/\/krigsspel.se\/wordpress\/wp-content\/uploads\/2024\/11\/8-WM8QKFYRyKgKKfb-150x150.png 150w\" sizes=\"auto, (max-width: 512px) 100vw, 512px\" \/><\/figure>\n<\/div>\n<\/div>\n<\/section>\n\n\n\n<section class=\"wp-block-group alignfull has-text-color has-global-padding is-layout-constrained wp-container-core-group-is-layout-b691706e wp-block-group-is-layout-constrained\" style=\"color:#03081e;margin-top:0px;padding-top:4.01rem;padding-right:1rem;padding-bottom:5.5rem;padding-left:1rem;font-size:clamp(0.875rem, 0.875rem + ((1vw - 0.2rem) * 0.464), 1.13rem);font-style:normal;font-weight:400;line-height:1.4\">\n<div class=\"wp-block-columns is-layout-flex wp-container-core-columns-is-layout-db2df21c wp-block-columns-is-layout-flex\" style=\"margin-bottom:0px\">\n<div class=\"wp-block-column has-global-padding is-content-justification-left is-layout-constrained wp-container-core-column-is-layout-12dd3699 wp-block-column-is-layout-constrained\" style=\"flex-basis:50%\">\n<figure class=\"wp-block-image aligncenter size-full is-resized has-custom-border\"><img loading=\"lazy\" decoding=\"async\" width=\"512\" height=\"512\" src=\"https:\/\/krigsspel.se\/wordpress\/wp-content\/uploads\/2024\/11\/8-qZgIArrS0doblgI.png\" alt=\"\" class=\"wp-image-1040\" style=\"border-radius:30px;width:520px\" srcset=\"https:\/\/krigsspel.se\/wordpress\/wp-content\/uploads\/2024\/11\/8-qZgIArrS0doblgI.png 512w, https:\/\/krigsspel.se\/wordpress\/wp-content\/uploads\/2024\/11\/8-qZgIArrS0doblgI-300x300.png 300w, https:\/\/krigsspel.se\/wordpress\/wp-content\/uploads\/2024\/11\/8-qZgIArrS0doblgI-150x150.png 150w\" sizes=\"auto, (max-width: 512px) 100vw, 512px\" \/><\/figure>\n<\/div>\n\n\n\n<div class=\"wp-block-column is-layout-flow wp-block-column-is-layout-flow\">\n<div class=\"wp-block-group is-vertical is-content-justification-left is-layout-flex wp-container-core-group-is-layout-c5d44cae wp-block-group-is-layout-flex\" style=\"min-height:100%\">\n<div class=\"wp-block-group has-global-padding is-content-justification-center is-layout-constrained wp-container-core-group-is-layout-b15c80d6 wp-block-group-is-layout-constrained\">\n<h3 class=\"wp-block-heading has-text-align-left has-text-color\" style=\"color:#385c00;margin-top:0.5rem;margin-bottom:1.01rem;font-size:clamp(1.044rem, 1.044rem + ((1vw - 0.2rem) * 1.029), 1.61rem);font-style:normal;font-weight:500;letter-spacing:0px;line-height:1.3;text-transform:capitalize\">Forumregler<\/h3>\n\n\n\n<p class=\"has-text-align-left has-text-color\" style=\"color:#03081e;margin-top:0rem;font-size:clamp(0.875rem, 0.875rem + ((1vw - 0.2rem) * 0.245), 1.01rem);font-style:normal;font-weight:400;line-height:1.6\">T\u00e4nk p\u00e5 att h\u00e5lla en artigt och trevlig ton i bem\u00f6tandet av andra krigsspelare p\u00e5 forumet. etc. etc.<\/p>\n<\/div>\n<\/div>\n<\/div>\n<\/div>\n<\/section>\n\n\n\n<section class=\"wp-block-cover alignfull\" style=\"margin-top:0px;padding-bottom:0rem;min-height:650px;aspect-ratio:unset;\"><span aria-hidden=\"true\" class=\"wp-block-cover__background has-background-dim-0 has-background-dim\" style=\"background-color:#7d6e62\"><\/span><img loading=\"lazy\" decoding=\"async\" width=\"1920\" height=\"1080\" class=\"wp-block-cover__image-background wp-image-544\" alt=\"\" src=\"http:\/\/krigsspel.se\/wordpress\/wp-content\/uploads\/2024\/11\/2024-10-05-20.43.43-Stor.jpg\" style=\"object-position:50% 72%\" data-object-fit=\"cover\" data-object-position=\"50% 72%\" srcset=\"https:\/\/krigsspel.se\/wordpress\/wp-content\/uploads\/2024\/11\/2024-10-05-20.43.43-Stor.jpg 1920w, https:\/\/krigsspel.se\/wordpress\/wp-content\/uploads\/2024\/11\/2024-10-05-20.43.43-Stor-300x169.jpg 300w, https:\/\/krigsspel.se\/wordpress\/wp-content\/uploads\/2024\/11\/2024-10-05-20.43.43-Stor-1024x576.jpg 1024w, https:\/\/krigsspel.se\/wordpress\/wp-content\/uploads\/2024\/11\/2024-10-05-20.43.43-Stor-768x432.jpg 768w, https:\/\/krigsspel.se\/wordpress\/wp-content\/uploads\/2024\/11\/2024-10-05-20.43.43-Stor-1536x864.jpg 1536w\" sizes=\"auto, (max-width: 1920px) 100vw, 1920px\" \/><div class=\"wp-block-cover__inner-container has-global-padding is-layout-constrained wp-container-core-cover-is-layout-85e38191 wp-block-cover-is-layout-constrained\">\n<div class=\"wp-block-group alignfull has-text-color has-global-padding is-layout-constrained wp-container-core-group-is-layout-6f61d7e7 wp-block-group-is-layout-constrained\" style=\"color:#252525;margin-top:0px;padding-top:0rem;padding-right:1rem;padding-bottom:0rem;padding-left:1rem;font-size:clamp(0.875rem, 0.875rem + ((1vw - 0.2rem) * 0.464), 1.13rem);font-style:normal;font-weight:400;line-height:1.4\">\n<div class=\"wp-block-group is-vertical is-content-justification-center is-layout-flex wp-container-core-group-is-layout-b6c1f246 wp-block-group-is-layout-flex\">\n<div class=\"wp-block-group has-global-padding is-layout-constrained wp-container-core-group-is-layout-a099c240 wp-block-group-is-layout-constrained\">\n<h2 class=\"wp-block-heading has-text-align-center has-text-color\" style=\"color:#ffffff;margin-bottom:1.11rem;font-size:clamp(1.556rem, 1.556rem + ((1vw - 0.2rem) * 1.916), 2.61rem);font-style:normal;font-weight:500;line-height:1.2;text-transform:capitalize\">Kontakta oss!<\/h2>\n\n\n\n<p class=\"has-text-align-center has-text-color\" style=\"color:#ffffff;margin-top:0rem;font-size:clamp(0.875rem, 0.875rem + ((1vw - 0.2rem) * 0.427), 1.11rem);font-style:normal;font-weight:400;line-height:1.6\">Har du fr\u00e5gor? Kontakta oss! Vi \u00e4lskar att komma i kontakt med nya och erfarna krigsspelare!<\/p>\n\n\n\n<div class=\"wp-block-group is-vertical is-content-justification-stretch is-layout-flex wp-container-core-group-is-layout-be82aac6 wp-block-group-is-layout-flex\" style=\"margin-top:0rem;padding-right:0px;padding-left:0px\">\n<div class=\"wp-block-group has-global-padding is-content-justification-center is-layout-constrained wp-container-core-group-is-layout-0638dde4 wp-block-group-is-layout-constrained\" style=\"margin-top:0px\">\n<div class=\"wp-block-buttons is-horizontal is-content-justification-right is-layout-flex wp-container-core-buttons-is-layout-1b0e492f wp-block-buttons-is-layout-flex\" style=\"margin-top:2.21rem\">\n<div class=\"wp-block-button has-custom-width wp-block-button__width-100 has-custom-font-size is-style-fill\" style=\"font-size:clamp(0.875rem, 0.875rem + ((1vw - 0.2rem) * 0.609), 1.21rem);font-style:normal;font-weight:600;line-height:1;text-transform:capitalize\"><a class=\"wp-block-button__link has-text-color has-background has-border-color wp-element-button\" href=\"https:\/\/krigsspel.se\/wordpress\/kontakt\/\" style=\"border-color:#345c01;border-style:solid;border-width:5px;border-radius:0.75rem;color:#ffffff;background-color:#407942;padding-top:1.1rem;padding-right:0.81rem;padding-bottom:1.1rem;padding-left:0.81rem\">Kontakta oss<\/a><\/div>\n<\/div>\n<\/div>\n<\/div>\n<\/div>\n<\/div>\n<\/div>\n<\/div><\/section>\n","protected":false},"excerpt":{"rendered":"<p>Forumet Det bultande hj\u00e4rtat i krigsspel.se \u00e4r forumet d\u00e4r v\u00e5ra medlemmar pratar, recenserar och planerar krigsspelade. Krigsspel.se har \u00e4ven en Facebook-del som \u00e4r aktiv och d\u00e4r en del diskuteras men [&hellip;]<\/p>\n","protected":false},"author":1,"featured_media":0,"parent":0,"menu_order":0,"comment_status":"closed","ping_status":"closed","template":"","meta":{"_EventAllDay":false,"_EventTimezone":"","_EventStartDate":"","_EventEndDate":"","_EventStartDateUTC":"","_EventEndDateUTC":"","_EventShowMap":false,"_EventShowMapLink":false,"_EventURL":"","_EventCost":"","_EventCostDescription":"","_EventCurrencySymbol":"","_EventCurrencyCode":"","_EventCurrencyPosition":"","_EventDateTimeSeparator":"","_EventTimeRangeSeparator":"","_EventOrganizerID":[],"_EventVenueID":[],"_OrganizerEmail":"","_OrganizerPhone":"","_OrganizerWebsite":"","_VenueAddress":"","_VenueCity":"","_VenueCountry":"","_VenueProvince":"","_VenueState":"","_VenueZip":"","_VenuePhone":"","_VenueURL":"","_VenueStateProvince":"","_VenueLat":"","_VenueLng":"","_VenueShowMap":false,"_VenueShowMapLink":false,"iawp_total_views":545,"footnotes":""},"folder":[],"class_list":["post-495","page","type-page","status-publish","hentry"],"yoast_head":"<!-- This site is optimized with the Yoast SEO plugin v27.4 - https:\/\/yoast.com\/product\/yoast-seo-wordpress\/ -->\n<title>Om Forumet - Krigsspel.se<\/title>\n<meta name=\"robots\" content=\"index, follow, max-snippet:-1, max-image-preview:large, max-video-preview:-1\" \/>\n<link rel=\"canonical\" href=\"https:\/\/krigsspel.se\/wordpress\/om-forumet\/\" \/>\n<meta property=\"og:locale\" content=\"sv_SE\" \/>\n<meta property=\"og:type\" content=\"article\" \/>\n<meta property=\"og:title\" content=\"Om Forumet - Krigsspel.se\" \/>\n<meta property=\"og:description\" content=\"Forumet Det bultande hj\u00e4rtat i krigsspel.se \u00e4r forumet d\u00e4r v\u00e5ra medlemmar pratar, recenserar och planerar krigsspelade. Krigsspel.se har \u00e4ven en Facebook-del som \u00e4r aktiv och d\u00e4r en del diskuteras men [&hellip;]\" \/>\n<meta property=\"og:url\" content=\"https:\/\/krigsspel.se\/wordpress\/om-forumet\/\" \/>\n<meta property=\"og:site_name\" content=\"Krigsspel.se\" \/>\n<meta property=\"article:publisher\" content=\"https:\/\/www.facebook.com\/groups\/6061258507\" \/>\n<meta property=\"article:modified_time\" content=\"2024-11-19T07:44:56+00:00\" \/>\n<meta property=\"og:image\" content=\"https:\/\/krigsspel.se\/wordpress\/wp-content\/uploads\/2024\/11\/Lincon2016_1.jpg\" \/>\n\t<meta property=\"og:image:width\" content=\"2048\" \/>\n\t<meta property=\"og:image:height\" content=\"1358\" \/>\n\t<meta property=\"og:image:type\" content=\"image\/jpeg\" \/>\n<meta name=\"twitter:card\" content=\"summary_large_image\" \/>\n<meta name=\"twitter:label1\" content=\"Ber\u00e4knad l\u00e4stid\" \/>\n\t<meta name=\"twitter:data1\" content=\"2 minuter\" \/>\n<script type=\"application\/ld+json\" class=\"yoast-schema-graph\">{\"@context\":\"https:\\\/\\\/schema.org\",\"@graph\":[{\"@type\":\"WebPage\",\"@id\":\"https:\\\/\\\/krigsspel.se\\\/wordpress\\\/om-forumet\\\/\",\"url\":\"https:\\\/\\\/krigsspel.se\\\/wordpress\\\/om-forumet\\\/\",\"name\":\"Om Forumet - Krigsspel.se\",\"isPartOf\":{\"@id\":\"https:\\\/\\\/krigsspel.se\\\/wordpress\\\/#website\"},\"primaryImageOfPage\":{\"@id\":\"https:\\\/\\\/krigsspel.se\\\/wordpress\\\/om-forumet\\\/#primaryimage\"},\"image\":{\"@id\":\"https:\\\/\\\/krigsspel.se\\\/wordpress\\\/om-forumet\\\/#primaryimage\"},\"thumbnailUrl\":\"https:\\\/\\\/krigsspel.se\\\/wordpress\\\/wp-content\\\/uploads\\\/2024\\\/11\\\/Lincon2016_1.jpg\",\"datePublished\":\"2024-11-01T10:02:28+00:00\",\"dateModified\":\"2024-11-19T07:44:56+00:00\",\"breadcrumb\":{\"@id\":\"https:\\\/\\\/krigsspel.se\\\/wordpress\\\/om-forumet\\\/#breadcrumb\"},\"inLanguage\":\"sv-SE\",\"potentialAction\":[{\"@type\":\"ReadAction\",\"target\":[\"https:\\\/\\\/krigsspel.se\\\/wordpress\\\/om-forumet\\\/\"]}]},{\"@type\":\"ImageObject\",\"inLanguage\":\"sv-SE\",\"@id\":\"https:\\\/\\\/krigsspel.se\\\/wordpress\\\/om-forumet\\\/#primaryimage\",\"url\":\"https:\\\/\\\/krigsspel.se\\\/wordpress\\\/wp-content\\\/uploads\\\/2024\\\/11\\\/Lincon2016_1.jpg\",\"contentUrl\":\"https:\\\/\\\/krigsspel.se\\\/wordpress\\\/wp-content\\\/uploads\\\/2024\\\/11\\\/Lincon2016_1.jpg\",\"width\":2048,\"height\":1358},{\"@type\":\"BreadcrumbList\",\"@id\":\"https:\\\/\\\/krigsspel.se\\\/wordpress\\\/om-forumet\\\/#breadcrumb\",\"itemListElement\":[{\"@type\":\"ListItem\",\"position\":1,\"name\":\"Hem\",\"item\":\"https:\\\/\\\/krigsspel.se\\\/wordpress\\\/\"},{\"@type\":\"ListItem\",\"position\":2,\"name\":\"Om Forumet\"}]},{\"@type\":\"WebSite\",\"@id\":\"https:\\\/\\\/krigsspel.se\\\/wordpress\\\/#website\",\"url\":\"https:\\\/\\\/krigsspel.se\\\/wordpress\\\/\",\"name\":\"Krigsspel.se\",\"description\":\"Samlingsplatsen f\u00f6r krigsspelare i Sverige\",\"publisher\":{\"@id\":\"https:\\\/\\\/krigsspel.se\\\/wordpress\\\/#organization\"},\"potentialAction\":[{\"@type\":\"SearchAction\",\"target\":{\"@type\":\"EntryPoint\",\"urlTemplate\":\"https:\\\/\\\/krigsspel.se\\\/wordpress\\\/?s={search_term_string}\"},\"query-input\":{\"@type\":\"PropertyValueSpecification\",\"valueRequired\":true,\"valueName\":\"search_term_string\"}}],\"inLanguage\":\"sv-SE\"},{\"@type\":\"Organization\",\"@id\":\"https:\\\/\\\/krigsspel.se\\\/wordpress\\\/#organization\",\"name\":\"Krigsspel.se\",\"url\":\"https:\\\/\\\/krigsspel.se\\\/wordpress\\\/\",\"logo\":{\"@type\":\"ImageObject\",\"inLanguage\":\"sv-SE\",\"@id\":\"https:\\\/\\\/krigsspel.se\\\/wordpress\\\/#\\\/schema\\\/logo\\\/image\\\/\",\"url\":\"https:\\\/\\\/krigsspel.se\\\/wordpress\\\/wp-content\\\/uploads\\\/2024\\\/10\\\/logga-1.png\",\"contentUrl\":\"https:\\\/\\\/krigsspel.se\\\/wordpress\\\/wp-content\\\/uploads\\\/2024\\\/10\\\/logga-1.png\",\"width\":592,\"height\":70,\"caption\":\"Krigsspel.se\"},\"image\":{\"@id\":\"https:\\\/\\\/krigsspel.se\\\/wordpress\\\/#\\\/schema\\\/logo\\\/image\\\/\"},\"sameAs\":[\"https:\\\/\\\/www.facebook.com\\\/groups\\\/6061258507\"]}]}<\/script>\n<!-- \/ Yoast SEO plugin. -->","yoast_head_json":{"title":"Om Forumet - Krigsspel.se","robots":{"index":"index","follow":"follow","max-snippet":"max-snippet:-1","max-image-preview":"max-image-preview:large","max-video-preview":"max-video-preview:-1"},"canonical":"https:\/\/krigsspel.se\/wordpress\/om-forumet\/","og_locale":"sv_SE","og_type":"article","og_title":"Om Forumet - Krigsspel.se","og_description":"Forumet Det bultande hj\u00e4rtat i krigsspel.se \u00e4r forumet d\u00e4r v\u00e5ra medlemmar pratar, recenserar och planerar krigsspelade. Krigsspel.se har \u00e4ven en Facebook-del som \u00e4r aktiv och d\u00e4r en del diskuteras men [&hellip;]","og_url":"https:\/\/krigsspel.se\/wordpress\/om-forumet\/","og_site_name":"Krigsspel.se","article_publisher":"https:\/\/www.facebook.com\/groups\/6061258507","article_modified_time":"2024-11-19T07:44:56+00:00","og_image":[{"width":2048,"height":1358,"url":"https:\/\/krigsspel.se\/wordpress\/wp-content\/uploads\/2024\/11\/Lincon2016_1.jpg","type":"image\/jpeg"}],"twitter_card":"summary_large_image","twitter_misc":{"Ber\u00e4knad l\u00e4stid":"2 minuter"},"schema":{"@context":"https:\/\/schema.org","@graph":[{"@type":"WebPage","@id":"https:\/\/krigsspel.se\/wordpress\/om-forumet\/","url":"https:\/\/krigsspel.se\/wordpress\/om-forumet\/","name":"Om Forumet - Krigsspel.se","isPartOf":{"@id":"https:\/\/krigsspel.se\/wordpress\/#website"},"primaryImageOfPage":{"@id":"https:\/\/krigsspel.se\/wordpress\/om-forumet\/#primaryimage"},"image":{"@id":"https:\/\/krigsspel.se\/wordpress\/om-forumet\/#primaryimage"},"thumbnailUrl":"https:\/\/krigsspel.se\/wordpress\/wp-content\/uploads\/2024\/11\/Lincon2016_1.jpg","datePublished":"2024-11-01T10:02:28+00:00","dateModified":"2024-11-19T07:44:56+00:00","breadcrumb":{"@id":"https:\/\/krigsspel.se\/wordpress\/om-forumet\/#breadcrumb"},"inLanguage":"sv-SE","potentialAction":[{"@type":"ReadAction","target":["https:\/\/krigsspel.se\/wordpress\/om-forumet\/"]}]},{"@type":"ImageObject","inLanguage":"sv-SE","@id":"https:\/\/krigsspel.se\/wordpress\/om-forumet\/#primaryimage","url":"https:\/\/krigsspel.se\/wordpress\/wp-content\/uploads\/2024\/11\/Lincon2016_1.jpg","contentUrl":"https:\/\/krigsspel.se\/wordpress\/wp-content\/uploads\/2024\/11\/Lincon2016_1.jpg","width":2048,"height":1358},{"@type":"BreadcrumbList","@id":"https:\/\/krigsspel.se\/wordpress\/om-forumet\/#breadcrumb","itemListElement":[{"@type":"ListItem","position":1,"name":"Hem","item":"https:\/\/krigsspel.se\/wordpress\/"},{"@type":"ListItem","position":2,"name":"Om Forumet"}]},{"@type":"WebSite","@id":"https:\/\/krigsspel.se\/wordpress\/#website","url":"https:\/\/krigsspel.se\/wordpress\/","name":"Krigsspel.se","description":"Samlingsplatsen f\u00f6r krigsspelare i Sverige","publisher":{"@id":"https:\/\/krigsspel.se\/wordpress\/#organization"},"potentialAction":[{"@type":"SearchAction","target":{"@type":"EntryPoint","urlTemplate":"https:\/\/krigsspel.se\/wordpress\/?s={search_term_string}"},"query-input":{"@type":"PropertyValueSpecification","valueRequired":true,"valueName":"search_term_string"}}],"inLanguage":"sv-SE"},{"@type":"Organization","@id":"https:\/\/krigsspel.se\/wordpress\/#organization","name":"Krigsspel.se","url":"https:\/\/krigsspel.se\/wordpress\/","logo":{"@type":"ImageObject","inLanguage":"sv-SE","@id":"https:\/\/krigsspel.se\/wordpress\/#\/schema\/logo\/image\/","url":"https:\/\/krigsspel.se\/wordpress\/wp-content\/uploads\/2024\/10\/logga-1.png","contentUrl":"https:\/\/krigsspel.se\/wordpress\/wp-content\/uploads\/2024\/10\/logga-1.png","width":592,"height":70,"caption":"Krigsspel.se"},"image":{"@id":"https:\/\/krigsspel.se\/wordpress\/#\/schema\/logo\/image\/"},"sameAs":["https:\/\/www.facebook.com\/groups\/6061258507"]}]}},"_links":{"self":[{"href":"https:\/\/krigsspel.se\/wordpress\/wp-json\/wp\/v2\/pages\/495","targetHints":{"allow":["GET"]}}],"collection":[{"href":"https:\/\/krigsspel.se\/wordpress\/wp-json\/wp\/v2\/pages"}],"about":[{"href":"https:\/\/krigsspel.se\/wordpress\/wp-json\/wp\/v2\/types\/page"}],"author":[{"embeddable":true,"href":"https:\/\/krigsspel.se\/wordpress\/wp-json\/wp\/v2\/users\/1"}],"replies":[{"embeddable":true,"href":"https:\/\/krigsspel.se\/wordpress\/wp-json\/wp\/v2\/comments?post=495"}],"version-history":[{"count":27,"href":"https:\/\/krigsspel.se\/wordpress\/wp-json\/wp\/v2\/pages\/495\/revisions"}],"predecessor-version":[{"id":1637,"href":"https:\/\/krigsspel.se\/wordpress\/wp-json\/wp\/v2\/pages\/495\/revisions\/1637"}],"wp:attachment":[{"href":"https:\/\/krigsspel.se\/wordpress\/wp-json\/wp\/v2\/media?parent=495"}],"wp:term":[{"taxonomy":"folder","embeddable":true,"href":"https:\/\/krigsspel.se\/wordpress\/wp-json\/wp\/v2\/folder?post=495"}],"curies":[{"name":"wp","href":"https:\/\/api.w.org\/{rel}","templated":true}]}}